{"id":80025,"date":"2019-07-08T09:33:35","date_gmt":"2019-07-08T07:33:35","guid":{"rendered":"https:\/\/www.fishermen.de\/?page_id=80025"},"modified":"2025-01-15T13:10:30","modified_gmt":"2025-01-15T12:10:30","slug":"impressum","status":"publish","type":"page","link":"https:\/\/www.fishermen.de\/en\/impressum\/","title":{"rendered":"Imprint"},"content":{"rendered":"<div data-parent=\"true\" class=\"vc_row row-container onepage-section\" data-label=\"Arbeitsweise\" data-name=\"arbeitsweise\" id=\"row-unique-0\"><div class=\"row-background background-element\">\n\t\t\t\t\t\t\t\t\t\t\t<div class=\"background-wrapper\">\n\t\t\t\t\t\t\t\t\t\t\t\t<div class=\"background-inner\" style=\"background-image: url(https:\/\/www.fishermen.de\/wp-content\/uploads\/2019\/08\/Gif5.gif);background-repeat: no-repeat;background-position: center center;background-attachment: scroll;background-size: cover;\"><\/div>\n\t\t\t\t\t\t\t\t\t\t\t\t<div class=\"block-bg-overlay style-color-xsdn-bg\" style=\"opacity: 0.93;\"><\/div>\n\t\t\t\t\t\t\t\t\t\t\t<\/div>\n\t\t\t\t\t\t\t\t\t\t<\/div><div class=\"row limit-width row-parent\" data-height-ratio=\"full\"><div class=\"wpb_row row-inner\"><div class=\"wpb_column pos-middle pos-center align_left column_parent col-lg-12 single-internal-gutter\"><div class=\"uncol style-light animate_when_almost_visible bottom-t-top\"  data-delay=\"200\"><div class=\"uncoltable\"><div class=\"uncell no-block-padding\" ><div class=\"uncont\"><div class=\"vc_custom_heading_wrap\"><div class=\"heading-text el-text\" ><h2 class=\"font-762333 fontsize-338686 font-weight-100 text-accent-color\" ><span>imprint<\/span><\/h2><\/div><div class=\"clear\"><\/div><\/div><div class=\"vc_row row-internal row-container\"><div class=\"row col-double-gutter row-child\"><div class=\"wpb_row row-inner\"><div class=\"wpb_column pos-middle pos-center align_left column_child col-lg-12 single-internal-gutter\"><div class=\"uncol style-light\" ><div class=\"uncoltable\"><div class=\"uncell no-block-padding\" ><div class=\"uncont\"><div class=\"divider-wrapper\"  >\n    <hr class=\"border-accent-color separator-no-padding\"  style=\"border-top-width: 1px;\" \/>\n<\/div>\n<div class=\"uncode_text_column text-lead\" ><\/p>\n<p class=\"bodytext\"><b>address:<\/b><\/p>\n<p class=\"bodytext\">fishermen communications GmbH<br \/>\nKaiserstra\u00dfe 68<br \/>\n60329 Frankfurt am Main<\/p>\n<p class=\"bodytext\"><b>contact:<\/b><\/p>\n<p class=\"bodytext\">Managing Director: Roland Pajunk<br \/>\nt. +49 69 2424 9559<br \/>\nf. +49 69 2424 9558<br \/>\ne. <a href=\"mailto:office@fishermen.de\"> office@fishermen.de<\/a><br \/>\nwww.fishermen.de<\/p>\n<p class=\"bodytext\"><b>Commercial register entry:<\/b><\/p>\n<p class=\"bodytext\">Local Court Frankfurt am Main HRB 43711<\/p>\n<p class=\"bodytext\"><b>Sales tax identification number according to \u00a7 27a UStG<\/b><\/p>\n<p class=\"bodytext\">DE 188707989<\/p>\n<p class=\"bodytext\"><b>Responsible for content according to \u00a7 6 MDStV:<\/b><\/p>\n<p class=\"bodytext\">Roland Pajunk (address see above)<\/p>\n<p class=\"bodytext\"><b>Liability notice:<\/b><\/p>\n<p class=\"bodytext\">Despite careful monitoring of content, fishermen communications assumes no liability for the content of external links. The operators of the linked pages are solely responsible for their content.<\/p>\n<p>\n<\/div><\/div><\/div><\/div><\/div><\/div><\/div><\/div><\/div><\/div><\/div><\/div><\/div><\/div><script id=\"script-row-unique-0\" data-row=\"script-row-unique-0\" type=\"text\/javascript\" class=\"vc_controls\">UNCODE.initRow(document.getElementById(\"row-unique-0\"));<\/script><\/div><\/div><\/div>","protected":false},"excerpt":{"rendered":"impressum Anschrift: fishermen communications GmbH Kaiserstra\u00dfe 68 60329 Frankfurt am Main Kontakt: Gesch\u00e4ftsf\u00fchrer: Roland Pajunk t. +49 69 2424 9559 [...]","protected":false},"author":1,"featured_media":0,"parent":0,"menu_order":0,"comment_status":"open","ping_status":"closed","template":"","meta":[],"_links":{"self":[{"href":"https:\/\/www.fishermen.de\/en\/wp-json\/wp\/v2\/pages\/80025"}],"collection":[{"href":"https:\/\/www.fishermen.de\/en\/wp-json\/wp\/v2\/pages"}],"about":[{"href":"https:\/\/www.fishermen.de\/en\/wp-json\/wp\/v2\/types\/page"}],"author":[{"embeddable":true,"href":"https:\/\/www.fishermen.de\/en\/wp-json\/wp\/v2\/users\/1"}],"replies":[{"embeddable":true,"href":"https:\/\/www.fishermen.de\/en\/wp-json\/wp\/v2\/comments?post=80025"}],"version-history":[{"count":19,"href":"https:\/\/www.fishermen.de\/en\/wp-json\/wp\/v2\/pages\/80025\/revisions"}],"predecessor-version":[{"id":81540,"href":"https:\/\/www.fishermen.de\/en\/wp-json\/wp\/v2\/pages\/80025\/revisions\/81540"}],"wp:attachment":[{"href":"https:\/\/www.fishermen.de\/en\/wp-json\/wp\/v2\/media?parent=80025"}],"curies":[{"name":"wp","href":"https:\/\/api.w.org\/{rel}","templated":true}]}}