{"id":80039,"date":"2019-07-08T09:54:30","date_gmt":"2019-07-08T07:54:30","guid":{"rendered":"https:\/\/www.fishermen.de\/?page_id=80039"},"modified":"2025-01-15T13:11:14","modified_gmt":"2025-01-15T12:11:14","slug":"datenschutz","status":"publish","type":"page","link":"https:\/\/www.fishermen.de\/en\/datenschutz\/","title":{"rendered":"Privacy Policy"},"content":{"rendered":"<div data-parent=\"true\" class=\"vc_row row-container onepage-section\" data-label=\"Arbeitsweise\" data-name=\"arbeitsweise\" id=\"row-unique-0\"><div class=\"row-background background-element\">\n\t\t\t\t\t\t\t\t\t\t\t<div class=\"background-wrapper\">\n\t\t\t\t\t\t\t\t\t\t\t\t<div class=\"background-inner\" style=\"background-image: url(https:\/\/www.fishermen.de\/wp-content\/uploads\/2019\/08\/Gif5.gif);background-repeat: no-repeat;background-position: center center;background-attachment: scroll;background-size: cover;\"><\/div>\n\t\t\t\t\t\t\t\t\t\t\t\t<div class=\"block-bg-overlay style-color-xsdn-bg\" style=\"opacity: 0.93;\"><\/div>\n\t\t\t\t\t\t\t\t\t\t\t<\/div>\n\t\t\t\t\t\t\t\t\t\t<\/div><div class=\"row limit-width row-parent\" data-height-ratio=\"full\"><div class=\"wpb_row row-inner\"><div class=\"wpb_column pos-middle pos-center align_left column_parent col-lg-12 single-internal-gutter\"><div class=\"uncol style-light animate_when_almost_visible bottom-t-top\"  data-delay=\"200\"><div class=\"uncoltable\"><div class=\"uncell no-block-padding\" ><div class=\"uncont\"><div class=\"vc_custom_heading_wrap\"><div class=\"heading-text el-text\" ><h2 class=\"font-762333 fontsize-338686 font-weight-100 text-accent-color\" ><span>privacy policy<\/span><\/h2><\/div><div class=\"clear\"><\/div><\/div><div class=\"vc_row row-internal row-container\"><div class=\"row col-double-gutter row-child\"><div class=\"wpb_row row-inner\"><div class=\"wpb_column pos-middle pos-center align_left column_child col-lg-12 single-internal-gutter\"><div class=\"uncol style-light\" ><div class=\"uncoltable\"><div class=\"uncell no-block-padding\" ><div class=\"uncont\"><div class=\"divider-wrapper\"  >\n    <hr class=\"border-accent-color separator-no-padding\"  style=\"border-top-width: 1px;\" \/>\n<\/div>\n<div class=\"uncode_text_column text-lead\" ><\/p>\n<section id=\"Datenschutz\" class=\"pagesection\">\n<div class=\"column-container grid1-1 clearfix\">\n<div class=\"column-item colspan1\">\n<h4 class=\"m_title\">Geltungsbereich<\/h4>\n<p class=\"bodytext\">Diese Datenschutzerkl\u00e4rung kl\u00e4rt Nutzer \u00fcber die Art, den Umfang und Zwecke der Erhebung und Verwendung personenbezogener Daten durch den verantwortlichen Anbieter<\/p>\n<p class=\"bodytext\">fishermen communications GmbH<br \/>\nKaiserstra\u00dfe 68<br \/>\n60329 Frankfurt am Main<\/p>\n<p class=\"bodytext\">Telefon: 069 2424 9559<br \/>\nTelefax: 069 2424 9558<\/p>\n<p class=\"bodytext\">Email:\u00a0<a href=\"mailto: office@fishermen.de\"> office@fishermen.de<\/a><br \/>\nWeb: www.fishermen.de<\/p>\n<p class=\"bodytext\">fishermen communications GmbH<br \/>\nManaging Director: Roland Pajunk<br \/>\nHandelsregister: Frankfurt am Main<br \/>\nAmtsgericht Offenbach am Main HRB 43711<br \/>\nUSt.Id.Nr.: DE188707989<\/p>\n<p class=\"bodytext\">auf dieser Website (im folgenden \u201cAngebot\u201d) auf.<\/p>\n<p class=\"bodytext\">Die rechtlichen Grundlagen des Datenschutzes finden sich im Bundesdatenschutzgesetz (BDSG) und dem Telemediengesetz (TMG).<\/p>\n<p class=\"bodytext\">Zugriffsdaten\/ Server-Logfiles<\/p>\n<p class=\"bodytext\">Der Anbieter (beziehungsweise sein Webspace-Provider) erhebt Daten \u00fcber jeden Zugriff auf das Angebot (so genannte Serverlogfiles). Zu den Zugriffsdaten geh\u00f6ren:<\/p>\n<p class=\"bodytext\">Name der abgerufenen Webseite, Datei, Datum und Uhrzeit des Abrufs, \u00fcbertragene Datenmenge, Meldung \u00fcber erfolgreichen Abruf, Browsertyp nebst Version, das Betriebssystem des Nutzers, Referrer URL (die zuvor besuchte Seite), IP-Adresse und der anfragende Provider.<\/p>\n<p class=\"bodytext\">Der Anbieter verwendet die Protokolldaten nur f\u00fcr statistische Auswertungen zum Zweck des Betriebs, der Sicherheit und der Optimierung des Angebotes. Der Anbieterbeh\u00e4lt sich jedoch vor, die Protokolldaten nachtr\u00e4glich zu \u00fcberpr\u00fcfen, wenn aufgrund konkreter Anhaltspunkte der berechtigte Verdacht einer rechtswidrigen Nutzung besteht.<\/p>\n<p class=\"bodytext\">Umgang mit personenbezogenen Daten<\/p>\n<p class=\"bodytext\">Personenbezogene Daten sind Informationen, mit deren Hilfe eine Person bestimmbar ist, also Angaben, die zur\u00fcck zu einer Person verfolgt werden k\u00f6nnen. Dazu geh\u00f6ren der Name, die Emailadresse oder die Telefonnummer. Aber auch Daten \u00fcber Vorlieben, Hobbies, Mitgliedschaften oder welche Webseiten von jemandem angesehen wurden z\u00e4hlen zu personenbezogenen Daten.<\/p>\n<p class=\"bodytext\">Personenbezogene Daten werden von dem Anbieter nur dann erhoben, genutzt und weiter gegeben, wenn dies gesetzlich erlaubt ist oder die Nutzer in die Datenerhebung einwilligen.<\/p>\n<p class=\"bodytext\">Kontaktaufnahme<\/p>\n<p class=\"bodytext\">Bei der Kontaktaufnahme mit dem Anbieter (zum Beispiel per Kontaktformular oder E-Mail) werden die Angaben des Nutzers zwecks Bearbeitung der Anfrage sowie f\u00fcr den Fall, dass Anschlussfragen entstehen, gespeichert.<\/p>\n<h4 class=\"m_title\">Einbindung von Diensten und Inhalten Dritter<\/h4>\n<p class=\"bodytext\">Es kann vorkommen, dass innerhalb dieses Onlineangebotes Inhalte Dritter, wie zum Beispiel Videos von YouTube, Kartenmaterial von Google-Maps, RSS-Feeds oder Grafiken von anderen Webseiten eingebunden werden. Dies setzt immer voraus, dass die Anbieter dieser Inhalte (nachfolgend bezeichnet als \u201eDritt-Anbieter\u201c) die IP-Adresse der Nutzer wahr nehmen. Denn ohne die IP-Adresse, k\u00f6nnten sie die Inhalte nicht an den Browser des jeweiligen Nutzers senden. Die IP-Adresse ist damit f\u00fcr die Darstellung dieser Inhalte erforderlich. Wir bem\u00fchen uns nur solche Inhalte zu verwenden, deren jeweilige Anbieter die IP-Adresse lediglich zur Auslieferung der Inhalte verwenden. Jedoch haben wir keinen Einfluss darauf, falls die Dritt-Anbieter die IP-Adresse z.B. f\u00fcr statistische Zwecke speichern. Soweit dies uns bekannt ist, kl\u00e4ren wir die Nutzer dar\u00fcber auf.<\/p>\n<p class=\"bodytext\">Cookies<\/p>\n<p class=\"bodytext\">Cookies sind kleine Dateien, die es erm\u00f6glichen, auf dem Zugriffsger\u00e4t der Nutzer (PC, Smartphone o.\u00e4.) spezifische, auf das Ger\u00e4t bezogene Informationen zu speichern. Sie dienen zum einem der Benutzerfreundlichkeit von Webseiten und damit den Nutzern (z.B. Speicherung von Logindaten). Zum anderen dienen sie, um die statistische Daten der Webseitennutzung zu erfassen und sie zwecks Verbesserung des Angebotes analysieren zu k\u00f6nnen. Die Nutzer k\u00f6nnen auf den Einsatz der Cookies Einfluss nehmen. Die meisten Browser verf\u00fcgen eine Option mit der das Speichern von Cookies eingeschr\u00e4nkt oder komplett verhindert wird. Allerdings wird darauf hingewiesen, dass die Nutzung und insbesondere der Nutzungskomfort ohne Cookies eingeschr\u00e4nkt werden.<\/p>\n<p class=\"bodytext\">Sie k\u00f6nnen viele Online-Anzeigen-Cookies von Unternehmen \u00fcber die US-amerikanische Seite\u00a0<a href=\"http:\/\/web.archive.org\/web\/20160316200922\/http:\/\/www.aboutads.info\/choices\/\" target=\"_blank\" rel=\"noopener noreferrer\">http:\/\/www.aboutads.info\/choices\/<\/a>\u00a0oder die EU-Seite\u00a0<a href=\"http:\/\/web.archive.org\/web\/20160316200922\/http:\/\/www.youronlinechoices.com\/uk\/your-ad-choices\/\" target=\"_blank\" rel=\"noopener noreferrer\">http:\/\/www.youronlinechoices.com\/uk\/your-ad-choices\/\u00a0<\/a>verwalten.<\/p>\n<p class=\"bodytext\">Google Analytics<\/p>\n<p class=\"bodytext\">Dieses Angebot benutzt Google Analytics, einen Webanalysedienst der Google Inc. (\u201eGoogle\u201c). Google Analytics verwendet sog. \u201eCookies\u201c, Textdateien, die auf Computer der Nutzer gespeichert werden und die eine Analyse der Benutzung der Website durch sie erm\u00f6glichen. Die durch den Cookie erzeugten Informationen \u00fcber Benutzung dieser Website durch die Nutzer werden in der Regel an einen Server von Google in den USA \u00fcbertragen und dort gespeichert.<\/p>\n<p class=\"bodytext\">Im Falle der Aktivierung der IP-Anonymisierung auf dieser Webseite, wird die IP-Adresse der Nutzer von Google jedoch innerhalb von Mitgliedstaaten der Europ\u00e4ischen Union oder in anderen Vertragsstaaten des Abkommens \u00fcber den Europ\u00e4ischen Wirtschaftsraum zuvor gek\u00fcrzt. Nur in Ausnahmef\u00e4llen wird die volle IP-Adresse an einen Server von Google in den USA \u00fcbertragen und dort gek\u00fcrzt. Die IP-Anonymisierung ist auf dieser Website aktiv. Im Auftrag des Betreibers dieser Website wird Google diese Informationen benutzen, um die Nutzung der Website durch die Nutzer auszuwerten, um Reports \u00fcber die Websiteaktivit\u00e4ten zusammenzustellen und um weitere mit der Websitenutzung und der Internetnutzung verbundene Dienstleistungen gegen\u00fcber dem Websitebetreiber zu erbringen.<\/p>\n<p class=\"bodytext\">Die im Rahmen von Google Analytics von Ihrem Browser \u00fcbermittelte IP-Adresse wird nicht mit anderen Daten von Google zusammengef\u00fchrt. Die Nutzer k\u00f6nnen die Speicherung der Cookies durch eine entsprechende Einstellung Ihrer Browser-Software verhindern; Dieses Angebot weist die Nutzer jedoch darauf hin, dass Sie in diesem Fall gegebenenfalls nicht s\u00e4mtliche Funktionen dieser Website vollumf\u00e4nglich werden nutzen k\u00f6nnen. Die Nutzer k\u00f6nnen dar\u00fcber hinaus die Erfassung der durch das Cookie erzeugten und auf ihre Nutzung der Website bezogenen Daten (inkl. Ihrer IP-Adresse) an Google sowie die Verarbeitung dieser Daten durch Google verhindern, indem sie das unter dem folgenden Link verf\u00fcgbare Browser-Plugin herunterladen und installieren: <a href=\"http:\/\/tools.google.com\/dlpage\/gaoptout?hl=de\" target=\"_blank\" rel=\"noopener noreferrer\">tools.google.com\/dlpage\/gaoptout<\/a>.<\/p>\n<h4 class=\"m_title\">Widerruf, \u00c4nderungen, Berichtigungen und Aktualisierungen<\/h4>\n<p class=\"bodytext\">Der Nutzer hat das Recht, auf Antrag unentgeltlich Auskunft zu erhalten \u00fcber die personenbezogenen Daten, die \u00fcber ihn gespeichert wurden. Zus\u00e4tzlich hat der Nutzer das Recht auf Berichtigung unrichtiger Daten, Sperrung und L\u00f6schung seiner personenbezogenen Daten, soweit dem keine gesetzliche Aufbewahrungspflicht entgegensteht.<\/p>\n<p class=\"bodytext\"><a href=\"http:\/\/web.archive.org\/web\/20160316200922\/http:\/\/rechtsanwalt-schwenke.de\/smmr-buch\/datenschutz-muster-generator-fuer-webseiten-blogs-und-social-media\/\" target=\"_blank\" rel=\"noopener noreferrer\"><b>Datenschutz-Muster von Rechtsanwalt Thomas Schwenke \u2013 I LAW it<\/b><\/a><\/p>\n<\/div>\n<div class=\"column-item colspan1\"><\/div>\n<\/div>\n<\/section>\n<footer class=\"main-footer testclass\" role=\"contentinfo\">\n<div class=\"footer-first\">\n<div class=\"container\">\n<p>fishermen communications GmbH, Kaiserstra\u00dfe 68, 60329 Frankfurt am Main, Phone 069 2424 9559, Fax 069 2424 9558, <a href=\"mailto:kontakt@fishermen.de\">post@fishermen.de<\/a><\/p>\n<\/div>\n<\/div>\n<div class=\"footer-second\">\n<div class=\"container\">\n<p>Amtsgericht: Frankfurt a. M.<br \/>\nRegisternummer: hrb43711<br \/>\nManaging Director: Roland Pajunk<br \/>\nUmsatzsteuer-Identifikationsnummer gem\u00e4\u00df \u00a7 27 a Umsatzsteuergesetz: DE188707989<\/p>\n<p>Inhaltlich verantwortlich gem\u00e4\u00df \u00a7 6 MDStV: Roland Pajunk<\/p>\n<p>HAFTUNGSHINWEIS<br \/>\nDespite careful monitoring of content, fishermen communications assumes no liability for the content of external links. The operators of the linked pages are solely responsible for their content.<\/p>\n<\/div>\n<\/div>\n<\/footer>\n<p>\n<\/div><\/div><\/div><\/div><\/div><\/div><\/div><\/div><\/div><\/div><\/div><\/div><\/div><\/div><script id=\"script-row-unique-0\" data-row=\"script-row-unique-0\" type=\"text\/javascript\" class=\"vc_controls\">UNCODE.initRow(document.getElementById(\"row-unique-0\"));<\/script><\/div><\/div><\/div>","protected":false},"excerpt":{"rendered":"datenschutz Geltungsbereich Diese Datenschutzerkl\u00e4rung kl\u00e4rt Nutzer \u00fcber die Art, den Umfang und Zwecke der Erhebung und Verwendung personenbezogener Daten durch [...]","protected":false},"author":1,"featured_media":0,"parent":0,"menu_order":0,"comment_status":"open","ping_status":"closed","template":"","meta":[],"_links":{"self":[{"href":"https:\/\/www.fishermen.de\/en\/wp-json\/wp\/v2\/pages\/80039"}],"collection":[{"href":"https:\/\/www.fishermen.de\/en\/wp-json\/wp\/v2\/pages"}],"about":[{"href":"https:\/\/www.fishermen.de\/en\/wp-json\/wp\/v2\/types\/page"}],"author":[{"embeddable":true,"href":"https:\/\/www.fishermen.de\/en\/wp-json\/wp\/v2\/users\/1"}],"replies":[{"embeddable":true,"href":"https:\/\/www.fishermen.de\/en\/wp-json\/wp\/v2\/comments?post=80039"}],"version-history":[{"count":5,"href":"https:\/\/www.fishermen.de\/en\/wp-json\/wp\/v2\/pages\/80039\/revisions"}],"predecessor-version":[{"id":81541,"href":"https:\/\/www.fishermen.de\/en\/wp-json\/wp\/v2\/pages\/80039\/revisions\/81541"}],"wp:attachment":[{"href":"https:\/\/www.fishermen.de\/en\/wp-json\/wp\/v2\/media?parent=80039"}],"curies":[{"name":"wp","href":"https:\/\/api.w.org\/{rel}","templated":true}]}}